{"id":612,"date":"2025-05-21T21:10:49","date_gmt":"2025-05-21T20:10:49","guid":{"rendered":"https:\/\/spamprotect.me\/?page_id=612"},"modified":"2025-05-28T09:27:46","modified_gmt":"2025-05-28T08:27:46","slug":"sobre-nos-spamprotect-protecao-avancada-email","status":"publish","type":"page","link":"https:\/\/spamprotect.me\/pt_br\/sobre-nos-spamprotect-protecao-avancada-email\/","title":{"rendered":"Sobre n\u00f3s"},"content":{"rendered":"<div data-elementor-type=\"wp-page\" data-elementor-id=\"612\" class=\"elementor elementor-612\" data-elementor-post-type=\"page\">\n\t\t\t\t<div class=\"elementor-element elementor-element-aa5fe09 e-flex e-con-boxed e-con e-parent\" data-id=\"aa5fe09\" data-element_type=\"container\">\n\t\t\t\t\t<div class=\"e-con-inner\">\n\t\t\t\t<div class=\"elementor-element elementor-element-0056408 elementor-widget elementor-widget-heading\" data-id=\"0056408\" data-element_type=\"widget\" data-widget_type=\"heading.default\">\n\t\t\t\t<div class=\"elementor-widget-container\">\n\t\t\t\t\t<h1 class=\"elementor-heading-title elementor-size-default\">Sobre n\u00f3s<\/h1>\t\t\t\t<\/div>\n\t\t\t\t<\/div>\n\t\t\t\t<div class=\"elementor-element elementor-element-a381b2a elementor-widget elementor-widget-text-editor\" data-id=\"a381b2a\" data-element_type=\"widget\" data-widget_type=\"text-editor.default\">\n\t\t\t\t<div class=\"elementor-widget-container\">\n\t\t\t\t\t\t\t\t\tDescubra nossa miss\u00e3o de tornar o recebimento de e-mails mais seguro e eliminar<p> o inc\u00f4modo das caixas de entrada sobrecarregadas com spam, malware e v\u00edrus.\t\t\t\t\t\t\t\t<\/div>\n\t\t\t\t<\/div>\n\t\t\t\t<div class=\"elementor-element elementor-element-6851b5a elementor-widget elementor-widget-spacer\" data-id=\"6851b5a\" data-element_type=\"widget\" data-widget_type=\"spacer.default\">\n\t\t\t\t<div class=\"elementor-widget-container\">\n\t\t\t\t\t\t\t<div class=\"elementor-spacer\">\n\t\t\t<div class=\"elementor-spacer-inner\"><\/div>\n\t\t<\/div>\n\t\t\t\t\t\t<\/div>\n\t\t\t\t<\/div>\n\t\t\t\t\t<\/div>\n\t\t\t\t<\/div>\n\t\t<div class=\"elementor-element elementor-element-f324c21 e-flex e-con-boxed e-con e-parent\" data-id=\"f324c21\" data-element_type=\"container\" data-settings=\"{&quot;background_background&quot;:&quot;classic&quot;}\">\n\t\t\t\t\t<div class=\"e-con-inner\">\n\t\t<div class=\"elementor-element elementor-element-5e3eb8c e-flex e-con-boxed e-con e-child\" data-id=\"5e3eb8c\" data-element_type=\"container\" data-settings=\"{&quot;background_background&quot;:&quot;classic&quot;}\">\n\t\t\t\t\t<div class=\"e-con-inner\">\n\t\t\t\t<div class=\"elementor-element elementor-element-b3759f9 elementor-widget elementor-widget-spacer\" data-id=\"b3759f9\" data-element_type=\"widget\" data-widget_type=\"spacer.default\">\n\t\t\t\t<div class=\"elementor-widget-container\">\n\t\t\t\t\t\t\t<div class=\"elementor-spacer\">\n\t\t\t<div class=\"elementor-spacer-inner\"><\/div>\n\t\t<\/div>\n\t\t\t\t\t\t<\/div>\n\t\t\t\t<\/div>\n\t\t\t\t<div class=\"elementor-element elementor-element-5b4f890 elementor-widget elementor-widget-text-editor\" data-id=\"5b4f890\" data-element_type=\"widget\" data-widget_type=\"text-editor.default\">\n\t\t\t\t<div class=\"elementor-widget-container\">\n\t\t\t\t\t\t\t\t\t<h2 data-start=\"164\" data-end=\"182\"><strong data-start=\"167\" data-end=\"182\">Nossa Miss\u00e3o<\/strong><\/h2><p data-start=\"184\" data-end=\"585\">Na SpamProtect.me, temos uma miss\u00e3o clara e objetiva: tornar o recebimento de e-mails mais seguro e eliminar definitivamente a frustra\u00e7\u00e3o de caixas de entrada sobrecarregadas com spam, malware, v\u00edrus e outras amea\u00e7as digitais. Acreditamos firmemente que a comunica\u00e7\u00e3o por e-mail deve ser uma experi\u00eancia tranquila e produtiva, livre de interrup\u00e7\u00f5es indesejadas e riscos \u00e0 seguran\u00e7a que comprometem tanto a produtividade quanto a prote\u00e7\u00e3o de dados.<\/p><h2 data-start=\"587\" data-end=\"603\"><strong data-start=\"590\" data-end=\"603\">Nossa Hist\u00f3ria<\/strong><\/h2><p data-start=\"605\" data-end=\"1014\">Nossa hist\u00f3ria come\u00e7ou a partir da frustra\u00e7\u00e3o compartilhada por profissionais de tecnologia que, assim como muitos usu\u00e1rios, perdiam horas preciosas filtrando manualmente e-mails indesejados e lidando com as consequ\u00eancias devastadoras de amea\u00e7as que passavam pelos filtros convencionais. Essa experi\u00eancia negativa nos motivou a buscar uma solu\u00e7\u00e3o definitiva para esse problema persistente que afeta milh\u00f5es de pessoas e organiza\u00e7\u00f5es todos os dias.<\/p><p data-start=\"1016\" data-end=\"1467\">Em 2025, reunimos uma equipe excepcional de especialistas em ciberseguran\u00e7a e engenheiros de software com d\u00e9cadas de experi\u00eancia combinada na \u00e1rea. Juntos, desenvolvemos uma abordagem inovadora baseada em registros MX que transformou completamente a forma como as empresas protegem suas comunica\u00e7\u00f5es por e-mail. Nossa tecnologia propriet\u00e1ria n\u00e3o apenas bloqueia spam comum, mas tamb\u00e9m oferece prote\u00e7\u00e3o avan\u00e7ada contra phishing, ransomware e outras amea\u00e7as sofisticadas transmitidas por e-mail.<\/p><h2 data-start=\"1469\" data-end=\"1488\"><strong data-start=\"1472\" data-end=\"1488\">Nossa Abordagem<\/strong><\/h2><p data-start=\"1490\" data-end=\"1868\">Ao contr\u00e1rio das solu\u00e7\u00f5es tradicionais que exigem instala\u00e7\u00f5es complexas de software ou altera\u00e7\u00f5es significativas na infraestrutura de TI, o SpamProtect.me opera diretamente no n\u00edvel do registro MX (Mail Exchange), interceptando e filtrando os e-mails antes mesmo que eles cheguem ao seu servidor de e-mail. Essa abordagem proativa oferece in\u00fameras vantagens ao eliminar as amea\u00e7as antes que entrem na sua rede corporativa.<\/p><p data-start=\"1870\" data-end=\"2180\">Nossa implementa\u00e7\u00e3o \u00e9 extremamente simples e pode ser configurada em apenas alguns minutos, sem necessidade de instala\u00e7\u00e3o de hardware ou software adicional. Gra\u00e7as \u00e0 sua compatibilidade universal, nosso sistema funciona perfeitamente com qualquer provedor ou cliente de e-mail que voc\u00ea j\u00e1 utiliza, sem impacto negativo nos seus sistemas ou dispositivos.<\/p><p data-start=\"2182\" data-end=\"2514\">A tecnologia por tr\u00e1s do SpamProtect.me combina an\u00e1lise comportamental avan\u00e7ada, verifica\u00e7\u00e3o de reputa\u00e7\u00e3o de remetentes, detec\u00e7\u00e3o de anomalias em tempo real e algoritmos sofisticados de aprendizado de m\u00e1quina. Essa poderosa combina\u00e7\u00e3o nos permite identificar e bloquear at\u00e9 99,9% de todo o spam e amea\u00e7as relacionadas a e-mails, mesmo aquelas que conseguem passar pelos filtros convencionais.<\/p><h2 data-start=\"2516\" data-end=\"2531\"><strong data-start=\"2519\" data-end=\"2531\">Nossa Equipe<\/strong><\/h2><p data-start=\"2533\" data-end=\"3036\">Por tr\u00e1s do SpamProtect.me est\u00e1 uma equipe diversificada e talentosa de profissionais genuinamente apaixonados por seguran\u00e7a digital e experi\u00eancia do usu\u00e1rio. Nossos engenheiros, analistas de seguran\u00e7a, especialistas em experi\u00eancia do cliente e profissionais de suporte trabalham em perfeita sintonia para garantir que nosso servi\u00e7o permane\u00e7a na vanguarda da prote\u00e7\u00e3o contra spam. Liderada por veteranos respeitados da ind\u00fastria de ciberseguran\u00e7a, nossa equipe est\u00e1 constantemente pesquisando novas amea\u00e7as emergentes e aprimorando nossos algoritmos para manter nossos clientes protegidos contra as t\u00e1ticas de spam em constante evolu\u00e7\u00e3o.<\/p><h2 data-start=\"3038\" data-end=\"3055\"><strong data-start=\"3041\" data-end=\"3055\">Nossos Valores<\/strong><\/h2><p data-start=\"3057\" data-end=\"3431\">Na SpamProtect.me, nossos valores fundamentais orientam todas as decis\u00f5es e a\u00e7\u00f5es. Nunca comprometemos a seguran\u00e7a em nome da conveni\u00eancia, mantendo protocolos rigorosos para garantir que apenas e-mails leg\u00edtimos cheguem \u00e0 sua caixa de entrada. Acreditamos em uma comunica\u00e7\u00e3o clara e honesta, oferecendo total transpar\u00eancia sobre como seus e-mails s\u00e3o protegidos, juntamente com relat\u00f3rios detalhados sobre tentativas de ataque bloqueadas.<\/p><p data-start=\"3433\" data-end=\"3791\">Respeitamos rigorosamente a confidencialidade das comunica\u00e7\u00f5es, com processos de filtragem cuidadosamente projetados para maximizar a seguran\u00e7a sem jamais comprometer a privacidade dos dados. Reconhecemos que o cen\u00e1rio de amea\u00e7as digitais est\u00e1 em constante evolu\u00e7\u00e3o, e por isso investimos continuamente em pesquisa e desenvolvimento para manter nossa tecnologia sempre \u00e0 frente dos spammers e cibercriminosos.<\/p><p data-start=\"3793\" data-end=\"4055\">Acima de tudo, acreditamos que a tecnologia avan\u00e7ada deve ser acess\u00edvel e compreens\u00edvel para todos. Nossa interface intuitiva e nosso suporte dedicado garantem que clientes de todos os n\u00edveis t\u00e9cnicos possam aproveitar ao m\u00e1ximo nossa prote\u00e7\u00e3o, sem precisar ser especialistas em seguran\u00e7a.<\/p><h2 data-start=\"4057\" data-end=\"4074\"><strong data-start=\"4060\" data-end=\"4074\">Nosso Impacto<\/strong><\/h2><p data-start=\"4076\" data-end=\"4578\">Desde o nosso lan\u00e7amento, o SpamProtect.me j\u00e1 filtrou mais de um bilh\u00e3o de e-mails maliciosos, economizando mais de 500.000 horas de produtividade para nossos clientes. Protegemos milhares de empresas contra tentativas sofisticadas de phishing e ransomware, reduzindo o consumo de armazenamento e largura de banda relacionados ao spam em at\u00e9 60%. Temos imenso orgulho de contribuir para um ambiente digital mais seguro e produtivo, permitindo que pessoas e organiza\u00e7\u00f5es foquem no que realmente importa, livres de distra\u00e7\u00f5es e amea\u00e7as.<\/p><h2 data-start=\"4580\" data-end=\"4594\"><strong data-start=\"4583\" data-end=\"4594\">Junte-se a n\u00f3s<\/strong><\/h2><p data-start=\"4596\" data-end=\"4913\">Convidamos voc\u00ea a experimentar uma nova era da comunica\u00e7\u00e3o por e-mail, uma em que voc\u00ea pode abrir sua caixa de entrada com total confian\u00e7a, sabendo que est\u00e1 vendo apenas as mensagens que realmente importam. O SpamProtect.me est\u00e1 totalmente comprometido em tornar o e-mail seguro novamente, uma caixa de entrada por vez, devolvendo a voc\u00ea o controle sobre suas comunica\u00e7\u00f5es digitais.<\/p><p data-start=\"4915\" data-end=\"5134\"><strong data-start=\"4915\" data-end=\"5134\">Entre em contato conosco hoje mesmo para saber como podemos ajudar sua organiza\u00e7\u00e3o a eliminar spam, malware, v\u00edrus e outras amea\u00e7as digitais, transformando sua experi\u00eancia com e-mails em algo seguro, produtivo e livre de preocupa\u00e7\u00f5es.<\/strong><\/p>\t\t\t\t\t\t\t\t<\/div>\n\t\t\t\t<\/div>\n\t\t\t\t<div class=\"elementor-element elementor-element-b72850b elementor-align-justify elementor-widget elementor-widget-button\" data-id=\"b72850b\" data-element_type=\"widget\" data-widget_type=\"button.default\">\n\t\t\t\t<div class=\"elementor-widget-container\">\n\t\t\t\t\t\t\t\t\t<div class=\"elementor-button-wrapper\">\n\t\t\t\t\t<a class=\"elementor-button elementor-button-link elementor-size-sm elementor-animation-shrink\" href=\"https:\/\/spamprotect.me\/pt_br\/beta\/#beta\" target=\"_blank\">\n\t\t\t\t\t\t<span class=\"elementor-button-content-wrapper\">\n\t\t\t\t\t\t\t\t\t<span class=\"elementor-button-text\">Comece agora<\/span>\n\t\t\t\t\t<\/span>\n\t\t\t\t\t<\/a>\n\t\t\t\t<\/div>\n\t\t\t\t\t\t\t\t<\/div>\n\t\t\t\t<\/div>\n\t\t\t\t<div class=\"elementor-element elementor-element-4c8c141 elementor-widget elementor-widget-spacer\" data-id=\"4c8c141\" data-element_type=\"widget\" data-widget_type=\"spacer.default\">\n\t\t\t\t<div class=\"elementor-widget-container\">\n\t\t\t\t\t\t\t<div class=\"elementor-spacer\">\n\t\t\t<div class=\"elementor-spacer-inner\"><\/div>\n\t\t<\/div>\n\t\t\t\t\t\t<\/div>\n\t\t\t\t<\/div>\n\t\t\t\t\t<\/div>\n\t\t\t\t<\/div>\n\t\t\t\t<div class=\"elementor-element elementor-element-ba57699 elementor-widget elementor-widget-spacer\" data-id=\"ba57699\" data-element_type=\"widget\" data-widget_type=\"spacer.default\">\n\t\t\t\t<div class=\"elementor-widget-container\">\n\t\t\t\t\t\t\t<div class=\"elementor-spacer\">\n\t\t\t<div class=\"elementor-spacer-inner\"><\/div>\n\t\t<\/div>\n\t\t\t\t\t\t<\/div>\n\t\t\t\t<\/div>\n\t\t\t\t\t<\/div>\n\t\t\t\t<\/div>\n\t\t<div class=\"elementor-element elementor-element-4d6726c e-flex e-con-boxed e-con e-parent\" data-id=\"4d6726c\" data-element_type=\"container\">\n\t\t\t\t\t<div class=\"e-con-inner\">\n\t\t\t\t<div class=\"elementor-element elementor-element-2ddcc15 elementor-widget elementor-widget-spacer\" data-id=\"2ddcc15\" data-element_type=\"widget\" data-widget_type=\"spacer.default\">\n\t\t\t\t<div class=\"elementor-widget-container\">\n\t\t\t\t\t\t\t<div class=\"elementor-spacer\">\n\t\t\t<div class=\"elementor-spacer-inner\"><\/div>\n\t\t<\/div>\n\t\t\t\t\t\t<\/div>\n\t\t\t\t<\/div>\n\t\t\t\t\t<\/div>\n\t\t\t\t<\/div>\n\t\t\t\t<\/div>","protected":false},"excerpt":{"rendered":"<p>About Us Discover our mission to make email reception safer and eliminate the hassle of inboxes overloaded with spam, malware, and viruses. Our Mission At SpamProtect.me, we have a clear and focused mission: to make email reception safer and permanently eliminate the frustration of inboxes overloaded with spam, malware, viruses, and other digital threats. We [&hellip;]<\/p>","protected":false},"author":1,"featured_media":456,"parent":0,"menu_order":0,"comment_status":"closed","ping_status":"closed","template":"elementor_header_footer","meta":{"footnotes":""},"class_list":["post-612","page","type-page","status-publish","has-post-thumbnail","hentry"],"rankMath":{"parentDomain":"spamprotect.me","noFollowDomains":[],"noFollowExcludeDomains":[],"noFollowExternalLinks":true,"featuredImageNotice":"A imagem destacada deve ter pelo menos 200 por 200 pixels para ser reconhecida pelo Facebook e outros sites de m\u00eddia social.","pluginReviewed":false,"postSettings":{"linkSuggestions":true,"useFocusKeyword":false},"frontEndScore":false,"postName":"about-us-spamprotect-advanced-email-security","permalinkFormat":"https:\/\/spamprotect.me\/pt_br\/%pagename%\/","showLockModifiedDate":true,"assessor":{"focusKeywordLink":"https:\/\/spamprotect.me\/wp-admin\/edit.php?focus_keyword=%focus_keyword%&post_type=%post_type%","hasTOCPlugin":true,"primaryTaxonomy":false,"serpData":{"title":"About SpamProtect \u2013 Advanced Email Security &amp; MX Filtering","description":"Learn how SpamProtect is redefining email security with advanced MX filtering, expert support, and a mission to eliminate spam and digital threats.","focusKeywords":"About,SpamProtect,Advanced Email Security,MX Filtering","pillarContent":true,"canonicalUrl":"","breadcrumbTitle":"","advancedRobots":[],"facebookTitle":"","facebookDescription":"","facebookImage":"","facebookImageID":"","facebookHasOverlay":false,"facebookImageOverlay":"","facebookAuthor":"","twitterCardType":"","twitterUseFacebook":true,"twitterTitle":"","twitterDescription":"","twitterImage":"","twitterImageID":"","twitterHasOverlay":false,"twitterImageOverlay":"","twitterPlayerUrl":"","twitterPlayerSize":"","twitterPlayerStream":"","twitterPlayerStreamCtype":"","twitterAppDescription":"","twitterAppIphoneName":"","twitterAppIphoneID":"","twitterAppIphoneUrl":"","twitterAppIpadName":"","twitterAppIpadID":"","twitterAppIpadUrl":"","twitterAppGoogleplayName":"","twitterAppGoogleplayID":"","twitterAppGoogleplayUrl":"","twitterAppCountry":"","robots":{"index":true},"twitterAuthor":"nome de usu\u00e1rio","primaryTerm":0,"authorName":"gerenciar.spamprotect","titleTemplate":"%title% %sep% %sitename%","descriptionTemplate":"%excerpt%","showScoreFrontend":true,"lockModifiedDate":false},"powerWords":[],"diacritics":{"A":"[\\u0041\\u24B6\\uFF21\\u00C0\\u00C1\\u00C2\\u1EA6\\u1EA4\\u1EAA\\u1EA8\\u00C3\\u0100\\u0102\\u1EB0\\u1EAE\\u1EB4\\u1EB2\\u0226\\u01E0\\u00C4\\u01DE\\u1EA2\\u00C5\\u01FA\\u01CD\\u0200\\u0202\\u1EA0\\u1EAC\\u1EB6\\u1E00\\u0104\\u023A\\u2C6F]","AA":"[\\uA732]","AE":"[\\u00C6\\u01FC\\u01E2]","AO":"[\\uA734]","AU":"[\\uA736]","AV":"[\\uA738\\uA73A]","AY":"[\\uA73C]","B":"[\\u0042\\u24B7\\uFF22\\u1E02\\u1E04\\u1E06\\u0243\\u0182\\u0181]","C":"[\\u0043\\u24B8\\uFF23\\u0106\\u0108\\u010A\\u010C\\u00C7\\u1E08\\u0187\\u023B\\uA73E]","D":"[\\u0044\\u24B9\\uFF24\\u1E0A\\u010E\\u1E0C\\u1E10\\u1E12\\u1E0E\\u0110\\u018B\\u018A\\u0189\\uA779]","DZ":"[\\u01F1\\u01C4]","Dz":"[\\u01F2\\u01C5]","E":"[\\u0045\\u24BA\\uFF25\\u00C8\\u00C9\\u00CA\\u1EC0\\u1EBE\\u1EC4\\u1EC2\\u1EBC\\u0112\\u1E14\\u1E16\\u0114\\u0116\\u00CB\\u1EBA\\u011A\\u0204\\u0206\\u1EB8\\u1EC6\\u0228\\u1E1C\\u0118\\u1E18\\u1E1A\\u0190\\u018E]","F":"[\\u0046\\u24BB\\uFF26\\u1E1E\\u0191\\uA77B]","G":"[\\u0047\\u24BC\\uFF27\\u01F4\\u011C\\u1E20\\u011E\\u0120\\u01E6\\u0122\\u01E4\\u0193\\uA7A0\\uA77D\\uA77E]","H":"[\\u0048\\u24BD\\uFF28\\u0124\\u1E22\\u1E26\\u021E\\u1E24\\u1E28\\u1E2A\\u0126\\u2C67\\u2C75\\uA78D]","I":"[\\u0049\\u24BE\\uFF29\\u00CC\\u00CD\\u00CE\\u0128\\u012A\\u012C\\u0130\\u00CF\\u1E2E\\u1EC8\\u01CF\\u0208\\u020A\\u1ECA\\u012E\\u1E2C\\u0197]","J":"[\\u004A\\u24BF\\uFF2A\\u0134\\u0248]","K":"[\\u004B\\u24C0\\uFF2B\\u1E30\\u01E8\\u1E32\\u0136\\u1E34\\u0198\\u2C69\\uA740\\uA742\\uA744\\uA7A2]","L":"[\\u004C\\u24C1\\uFF2C\\u013F\\u0139\\u013D\\u1E36\\u1E38\\u013B\\u1E3C\\u1E3A\\u0141\\u023D\\u2C62\\u2C60\\uA748\\uA746\\uA780]","LJ":"[\\u01C7]","Lj":"[\\u01C8]","M":"[\\u004D\\u24C2\\uFF2D\\u1E3E\\u1E40\\u1E42\\u2C6E\\u019C]","N":"[\\u004E\\u24C3\\uFF2E\\u01F8\\u0143\\u00D1\\u1E44\\u0147\\u1E46\\u0145\\u1E4A\\u1E48\\u0220\\u019D\\uA790\\uA7A4]","NJ":"[\\u01CA]","Nj":"[\\u01CB]","O":"[\\u004F\\u24C4\\uFF2F\\u00D2\\u00D3\\u00D4\\u1ED2\\u1ED0\\u1ED6\\u1ED4\\u00D5\\u1E4C\\u022C\\u1E4E\\u014C\\u1E50\\u1E52\\u014E\\u022E\\u0230\\u00D6\\u022A\\u1ECE\\u0150\\u01D1\\u020C\\u020E\\u01A0\\u1EDC\\u1EDA\\u1EE0\\u1EDE\\u1EE2\\u1ECC\\u1ED8\\u01EA\\u01EC\\u00D8\\u01FE\\u0186\\u019F\\uA74A\\uA74C]","OI":"[\\u01A2]","OO":"[\\uA74E]","OU":"[\\u0222]","P":"[\\u0050\\u24C5\\uFF30\\u1E54\\u1E56\\u01A4\\u2C63\\uA750\\uA752\\uA754]","Q":"[\\u0051\\u24C6\\uFF31\\uA756\\uA758\\u024A]","R":"[\\u0052\\u24C7\\uFF32\\u0154\\u1E58\\u0158\\u0210\\u0212\\u1E5A\\u1E5C\\u0156\\u1E5E\\u024C\\u2C64\\uA75A\\uA7A6\\uA782]","S":"[\\u0053\\u24C8\\uFF33\\u1E9E\\u015A\\u1E64\\u015C\\u1E60\\u0160\\u1E66\\u1E62\\u1E68\\u0218\\u015E\\u2C7E\\uA7A8\\uA784]","T":"[\\u0054\\u24C9\\uFF34\\u1E6A\\u0164\\u1E6C\\u021A\\u0162\\u1E70\\u1E6E\\u0166\\u01AC\\u01AE\\u023E\\uA786]","TZ":"[\\uA728]","U":"[\\u0055\\u24CA\\uFF35\\u00D9\\u00DA\\u00DB\\u0168\\u1E78\\u016A\\u1E7A\\u016C\\u00DC\\u01DB\\u01D7\\u01D5\\u01D9\\u1EE6\\u016E\\u0170\\u01D3\\u0214\\u0216\\u01AF\\u1EEA\\u1EE8\\u1EEE\\u1EEC\\u1EF0\\u1EE4\\u1E72\\u0172\\u1E76\\u1E74\\u0244]","V":"[\\u0056\\u24CB\\uFF36\\u1E7C\\u1E7E\\u01B2\\uA75E\\u0245]","VY":"[\\uA760]","W":"[\\u0057\\u24CC\\uFF37\\u1E80\\u1E82\\u0174\\u1E86\\u1E84\\u1E88\\u2C72]","X":"[\\u0058\\u24CD\\uFF38\\u1E8A\\u1E8C]","Y":"[\\u0059\\u24CE\\uFF39\\u1EF2\\u00DD\\u0176\\u1EF8\\u0232\\u1E8E\\u0178\\u1EF6\\u1EF4\\u01B3\\u024E\\u1EFE]","Z":"[\\u005A\\u24CF\\uFF3A\\u0179\\u1E90\\u017B\\u017D\\u1E92\\u1E94\\u01B5\\u0224\\u2C7F\\u2C6B\\uA762]","a":"[\\u0061\\u24D0\\uFF41\\u1E9A\\u00E0\\u00E1\\u00E2\\u1EA7\\u1EA5\\u1EAB\\u1EA9\\u00E3\\u0101\\u0103\\u1EB1\\u1EAF\\u1EB5\\u1EB3\\u0227\\u01E1\\u00E4\\u01DF\\u1EA3\\u00E5\\u01FB\\u01CE\\u0201\\u0203\\u1EA1\\u1EAD\\u1EB7\\u1E01\\u0105\\u2C65\\u0250]","aa":"[\\uA733]","ae":"[\\u00E6\\u01FD\\u01E3]","ao":"[\\uA735]","au":"[\\uA737]","av":"[\\uA739\\uA73B]","ay":"[\\uA73D]","b":"[\\u0062\\u24D1\\uFF42\\u1E03\\u1E05\\u1E07\\u0180\\u0183\\u0253]","c":"[\\u0063\\u24D2\\uFF43\\u0107\\u0109\\u010B\\u010D\\u00E7\\u1E09\\u0188\\u023C\\uA73F\\u2184]","d":"[\\u0064\\u24D3\\uFF44\\u1E0B\\u010F\\u1E0D\\u1E11\\u1E13\\u1E0F\\u0111\\u018C\\u0256\\u0257\\uA77A]","dz":"[\\u01F3\\u01C6]","e":"[\\u0065\\u24D4\\uFF45\\u00E8\\u00E9\\u00EA\\u1EC1\\u1EBF\\u1EC5\\u1EC3\\u1EBD\\u0113\\u1E15\\u1E17\\u0115\\u0117\\u00EB\\u1EBB\\u011B\\u0205\\u0207\\u1EB9\\u1EC7\\u0229\\u1E1D\\u0119\\u1E19\\u1E1B\\u0247\\u025B\\u01DD]","f":"[\\u0066\\u24D5\\uFF46\\u1E1F\\u0192\\uA77C]","g":"[\\u0067\\u24D6\\uFF47\\u01F5\\u011D\\u1E21\\u011F\\u0121\\u01E7\\u0123\\u01E5\\u0260\\uA7A1\\u1D79\\uA77F]","h":"[\\u0068\\u24D7\\uFF48\\u0125\\u1E23\\u1E27\\u021F\\u1E25\\u1E29\\u1E2B\\u1E96\\u0127\\u2C68\\u2C76\\u0265]","hv":"[\\u0195]","i":"[\\u0069\\u24D8\\uFF49\\u00EC\\u00ED\\u00EE\\u0129\\u012B\\u012D\\u00EF\\u1E2F\\u1EC9\\u01D0\\u0209\\u020B\\u1ECB\\u012F\\u1E2D\\u0268\\u0131]","j":"[\\u006A\\u24D9\\uFF4A\\u0135\\u01F0\\u0249]","k":"[\\u006B\\u24DA\\uFF4B\\u1E31\\u01E9\\u1E33\\u0137\\u1E35\\u0199\\u2C6A\\uA741\\uA743\\uA745\\uA7A3]","l":"[\\u006C\\u24DB\\uFF4C\\u0140\\u013A\\u013E\\u1E37\\u1E39\\u013C\\u1E3D\\u1E3B\\u017F\\u0142\\u019A\\u026B\\u2C61\\uA749\\uA781\\uA747]","lj":"[\\u01C9]","m":"[\\u006D\\u24DC\\uFF4D\\u1E3F\\u1E41\\u1E43\\u0271\\u026F]","n":"[\\u006E\\u24DD\\uFF4E\\u01F9\\u0144\\u00F1\\u1E45\\u0148\\u1E47\\u0146\\u1E4B\\u1E49\\u019E\\u0272\\u0149\\uA791\\uA7A5]","nj":"[\\u01CC]","o":"[\\u006F\\u24DE\\uFF4F\\u00F2\\u00F3\\u00F4\\u1ED3\\u1ED1\\u1ED7\\u1ED5\\u00F5\\u1E4D\\u022D\\u1E4F\\u014D\\u1E51\\u1E53\\u014F\\u022F\\u0231\\u00F6\\u022B\\u1ECF\\u0151\\u01D2\\u020D\\u020F\\u01A1\\u1EDD\\u1EDB\\u1EE1\\u1EDF\\u1EE3\\u1ECD\\u1ED9\\u01EB\\u01ED\\u00F8\\u01FF\\u0254\\uA74B\\uA74D\\u0275]","oi":"[\\u01A3]","ou":"[\\u0223]","oo":"[\\uA74F]","p":"[\\u0070\\u24DF\\uFF50\\u1E55\\u1E57\\u01A5\\u1D7D\\uA751\\uA753\\uA755]","q":"[\\u0071\\u24E0\\uFF51\\u024B\\uA757\\uA759]","r":"[\\u0072\\u24E1\\uFF52\\u0155\\u1E59\\u0159\\u0211\\u0213\\u1E5B\\u1E5D\\u0157\\u1E5F\\u024D\\u027D\\uA75B\\uA7A7\\uA783]","s":"[\\u0073\\u24E2\\uFF53\\u015B\\u1E65\\u015D\\u1E61\\u0161\\u1E67\\u1E63\\u1E69\\u0219\\u015F\\u023F\\uA7A9\\uA785\\u1E9B]","ss":"[\\u00DF]","t":"[\\u0074\\u24E3\\uFF54\\u1E6B\\u1E97\\u0165\\u1E6D\\u021B\\u0163\\u1E71\\u1E6F\\u0167\\u01AD\\u0288\\u2C66\\uA787]","tz":"[\\uA729]","u":"[\\u0075\\u24E4\\uFF55\\u00F9\\u00FA\\u00FB\\u0169\\u1E79\\u016B\\u1E7B\\u016D\\u00FC\\u01DC\\u01D8\\u01D6\\u01DA\\u1EE7\\u016F\\u0171\\u01D4\\u0215\\u0217\\u01B0\\u1EEB\\u1EE9\\u1EEF\\u1EED\\u1EF1\\u1EE5\\u1E73\\u0173\\u1E77\\u1E75\\u0289]","v":"[\\u0076\\u24E5\\uFF56\\u1E7D\\u1E7F\\u028B\\uA75F\\u028C]","vy":"[\\uA761]","w":"[\\u0077\\u24E6\\uFF57\\u1E81\\u1E83\\u0175\\u1E87\\u1E85\\u1E98\\u1E89\\u2C73]","x":"[\\u0078\\u24E7\\uFF58\\u1E8B\\u1E8D]","y":"[\\u0079\\u24E8\\uFF59\\u1EF3\\u00FD\\u0177\\u1EF9\\u0233\\u1E8F\\u00FF\\u1EF7\\u1E99\\u1EF5\\u01B4\\u024F\\u1EFF]","z":"[\\u007A\\u24E9\\uFF5A\\u017A\\u1E91\\u017C\\u017E\\u1E93\\u1E95\\u01B6\\u0225\\u0240\\u2C6C\\uA763]"},"researchesTests":["contentHasTOC","contentHasShortParagraphs","contentHasAssets","keywordInTitle","keywordInMetaDescription","keywordInPermalink","keywordIn10Percent","keywordInContent","keywordInSubheadings","keywordInImageAlt","keywordDensity","keywordNotUsed","lengthContent","lengthPermalink","linksHasInternal","linksHasExternals","linksNotAllExternals","titleStartWithKeyword","titleSentiment","titleHasPowerWords","titleHasNumber","hasContentAI"],"hasRedirection":true,"hasBreadcrumb":false},"homeUrl":"https:\/\/spamprotect.me\/pt_br","objectID":612,"objectType":"post","locale":"pt","localeFull":"pt_BR","overlayImages":{"play":{"name":"\u00cdcone de reprodu\u00e7\u00e3o","url":"https:\/\/spamprotect.me\/wp-content\/plugins\/seo-by-rank-math\/assets\/admin\/img\/icon-play.png","path":"\/home\/spamprotect\/htdocs\/spamprotect.me\/wp-content\/plugins\/seo-by-rank-math\/assets\/admin\/img\/icon-play.png","position":"middle_center"},"gif":{"name":"\u00cdcone GIF","url":"https:\/\/spamprotect.me\/wp-content\/plugins\/seo-by-rank-math\/assets\/admin\/img\/icon-gif.png","path":"\/home\/spamprotect\/htdocs\/spamprotect.me\/wp-content\/plugins\/seo-by-rank-math\/assets\/admin\/img\/icon-gif.png","position":"middle_center"}},"defautOgImage":"https:\/\/spamprotect.me\/wp-content\/plugins\/seo-by-rank-math\/assets\/admin\/img\/social-placeholder.jpg","customPermalinks":true,"isUserRegistered":true,"autoSuggestKeywords":true,"connectSiteUrl":"https:\/\/rankmath.com\/auth?site=https%3A%2F%2Fspamprotect.me%2Fpt_br&r=https%3A%2F%2Fspamprotect.me%2Fpt_br%2Fwp-json%2Fwp%2Fv2%2Fpages%2F612%3Fnonce%3D842a34d33e&pro=1","maxTags":100,"trendsIcon":"<svg viewBox=\"0 0 610 610\"><path d=\"M18.85,446,174.32,290.48l58.08,58.08L76.93,504a14.54,14.54,0,0,1-20.55,0L18.83,466.48a14.54,14.54,0,0,1,0-20.55Z\" style=\"fill:#4285f4\"\/><path d=\"M242.65,242.66,377.59,377.6l-47.75,47.75a14.54,14.54,0,0,1-20.55,0L174.37,290.43l47.75-47.75A14.52,14.52,0,0,1,242.65,242.66Z\" style=\"fill:#ea4335\"\/><polygon points=\"319.53 319.53 479.26 159.8 537.34 217.88 377.61 377.62 319.53 319.53\" style=\"fill:#fabb05\"\/><path d=\"M594.26,262.73V118.61h0a16.94,16.94,0,0,0-16.94-16.94H433.2a16.94,16.94,0,0,0-12,28.92L565.34,274.71h0a16.94,16.94,0,0,0,28.92-12Z\" style=\"fill:#34a853\"\/><rect width=\"610\" height=\"610\" style=\"fill:none\"\/><\/svg>","showScore":true,"siteFavIcon":"https:\/\/spamprotect.me\/wp-content\/uploads\/2025\/05\/cropped-icon-spam-protect-32x32.png","canUser":{"general":false,"advanced":false,"snippet":false,"social":false,"analysis":false,"analytics":false,"content_ai":false},"showKeywordIntent":true,"isPro":true,"is_front_page":false,"trendsUpgradeLink":"https:\/\/rankmath.com\/pricing\/?utm_source=Plugin&utm_medium=CE%20General%20Tab%20Trends&utm_campaign=WP","trendsUpgradeLabel":"Atualizar","trendsPreviewImage":"https:\/\/spamprotect.me\/wp-content\/plugins\/seo-by-rank-math\/assets\/admin\/img\/trends-preview.jpg","currentEditor":false,"homepageData":{"assessor":{"powerWords":[],"diacritics":true,"researchesTests":["contentHasTOC","contentHasShortParagraphs","contentHasAssets","keywordInTitle","keywordInMetaDescription","keywordInPermalink","keywordIn10Percent","keywordInContent","keywordInSubheadings","keywordInImageAlt","keywordDensity","keywordNotUsed","lengthContent","lengthPermalink","linksHasInternal","linksHasExternals","linksNotAllExternals","titleStartWithKeyword","titleSentiment","titleHasPowerWords","titleHasNumber","hasContentAI"],"hasBreadcrumb":false,"serpData":{"title":"%sitename% %page% %sep% %sitedesc%","description":"","titleTemplate":"%sitename% %page% %sep% %sitedesc%","descriptionTemplate":"","focusKeywords":"","breadcrumbTitle":"Home","robots":{"index":true},"advancedRobots":[],"facebookTitle":"","facebookDescription":"","facebookImage":"","facebookImageID":""}}},"searchIntents":{"spamprotect.me":"Navigational"},"isAnalyticsConnected":false,"tocTitle":"Table of Contents","tocExcludeHeadings":[],"listStyle":"ul"},"_links":{"self":[{"href":"https:\/\/spamprotect.me\/pt_br\/wp-json\/wp\/v2\/pages\/612","targetHints":{"allow":["GET"]}}],"collection":[{"href":"https:\/\/spamprotect.me\/pt_br\/wp-json\/wp\/v2\/pages"}],"about":[{"href":"https:\/\/spamprotect.me\/pt_br\/wp-json\/wp\/v2\/types\/page"}],"author":[{"embeddable":true,"href":"https:\/\/spamprotect.me\/pt_br\/wp-json\/wp\/v2\/users\/1"}],"replies":[{"embeddable":true,"href":"https:\/\/spamprotect.me\/pt_br\/wp-json\/wp\/v2\/comments?post=612"}],"version-history":[{"count":21,"href":"https:\/\/spamprotect.me\/pt_br\/wp-json\/wp\/v2\/pages\/612\/revisions"}],"predecessor-version":[{"id":778,"href":"https:\/\/spamprotect.me\/pt_br\/wp-json\/wp\/v2\/pages\/612\/revisions\/778"}],"wp:featuredmedia":[{"embeddable":true,"href":"https:\/\/spamprotect.me\/pt_br\/wp-json\/wp\/v2\/media\/456"}],"wp:attachment":[{"href":"https:\/\/spamprotect.me\/pt_br\/wp-json\/wp\/v2\/media?parent=612"}],"curies":[{"name":"wp","href":"https:\/\/api.w.org\/{rel}","templated":true}]}}